{"id":948,"date":"2020-07-10T18:06:28","date_gmt":"2020-07-10T16:06:28","guid":{"rendered":"https:\/\/www.topline.si\/?page_id=948"},"modified":"2020-07-10T18:25:23","modified_gmt":"2020-07-10T16:25:23","slug":"v-benetke-s-katamaranom-iz-pirana","status":"publish","type":"page","link":"https:\/\/www.topline.si\/sl\/pomorstvo\/v-benetke-s-katamaranom-iz-pirana\/","title":{"rendered":"V Benetke s katamaranom iz Pirana"},"content":{"rendered":"<div class=\"fusion-fullwidth fullwidth-box fusion-builder-row-1 nonhundred-percent-fullwidth non-hundred-percent-height-scrolling\" style=\"--awb-border-radius-top-left:0px;--awb-border-radius-top-right:0px;--awb-border-radius-bottom-right:0px;--awb-border-radius-bottom-left:0px;--awb-flex-wrap:wrap;\" ><div class=\"fusion-builder-row fusion-row\"><div class=\"fusion-layout-column fusion_builder_column fusion-builder-column-0 fusion_builder_column_1_1 1_1 fusion-one-full fusion-column-first fusion-column-last\" style=\"--awb-bg-size:cover;--awb-margin-bottom:0px;\"><div class=\"fusion-column-wrapper fusion-flex-column-wrapper-legacy\"><div class=\"fusion-text fusion-text-1\"><h3>Z Benetkami smo povezani \u017ee od leta 2006, od leta 2009 vsako sezono redno povezujemo Piran z najlep\u0161im mestom na svetu. \u017dal se je sezona 2020 izjalovila in pandemija nam je spremenila na\u010drte&#8230;\u00a0<\/h3>\n<h3>V sezoni 2020 povezujemo Slovensko obalo in Benetke po cesti. Vsako sredo in soboto se lahko z nami odpravite v Benetke z kombiji ali avtobusi. Ve\u010d o tem najdete na na\u0161i spletni strani, <a href=\"http:\/\/www.benetke.com\">posve\u010deni izletom v Benetke.<\/a><\/h3>\n<\/div><div class=\"fusion-sep-clear\"><\/div><div class=\"fusion-separator fusion-full-width-sep\" style=\"margin-left: auto;margin-right: auto;width:100%;\"><div class=\"fusion-separator-border sep-single sep-solid\" style=\"--awb-height:20px;--awb-amount:20px;border-color:#e0dede;border-top-width:1px;\"><\/div><\/div><div class=\"fusion-sep-clear\"><\/div><div class=\"fusion-clearfix\"><\/div><\/div><\/div><div class=\"fusion-layout-column fusion_builder_column fusion-builder-column-1 fusion_builder_column_1_2 1_2 fusion-one-half fusion-column-first\" style=\"--awb-bg-size:cover;--awb-margin-bottom:0px;width:48%; margin-right: 4%;\"><div class=\"fusion-column-wrapper fusion-flex-column-wrapper-legacy\"><div class=\"fusion-sep-clear\"><\/div><div class=\"fusion-separator fusion-full-width-sep\" style=\"margin-left: auto;margin-right: auto;margin-bottom:25px;width:100%;\"><\/div><div class=\"fusion-sep-clear\"><\/div><div class=\"fusion-text fusion-text-2\"><h4>Vsi mo\u010dno upamo, da se bo situacija v 2021 normalizirala in da bomo lahko ponovno varno odpluli Benetkam naproti. Za spletno stranjo Benetke.com smo ljudje. Ljudje, ki ljubimo kar delamo in obo\u017eujemo Benetke. Vabimo vas k ogledu filma, v katerem boste kaj vam imamo za povedati. Vse od vodnikov, do osebja v pisarnah in seveda tudi na\u0161e posadke, brez katere v Benetke ne bi nikoli pripluli:<\/h4>\n<\/div><div class=\"fusion-text fusion-text-3\"><p>Ve\u010d o Benetkah, programu objavljamo na na\u0161i spletni strani:<\/p>\n<\/div><div class=\"fusion-image-element in-legacy-container\" style=\"--awb-caption-title-font-family:var(--h2_typography-font-family);--awb-caption-title-font-weight:var(--h2_typography-font-weight);--awb-caption-title-font-style:var(--h2_typography-font-style);--awb-caption-title-size:var(--h2_typography-font-size);--awb-caption-title-transform:var(--h2_typography-text-transform);--awb-caption-title-line-height:var(--h2_typography-line-height);--awb-caption-title-letter-spacing:var(--h2_typography-letter-spacing);\"><span class=\" fusion-imageframe imageframe-none imageframe-1 hover-type-none\"><a class=\"fusion-no-lightbox\" href=\"https:\/\/www.benetke.com\/\" target=\"_self\" aria-label=\"Logo Benetke.com\"><img decoding=\"async\" width=\"2048\" height=\"547\" alt=\"Izlet v Benetke s katamaranom\" src=\"https:\/\/www.topline.si\/wp-content\/uploads\/2020\/07\/BenetkeCom-logo-gold.jpg\" class=\"img-responsive wp-image-958\" srcset=\"https:\/\/www.topline.si\/wp-content\/uploads\/2020\/07\/BenetkeCom-logo-gold-200x53.jpg 200w, https:\/\/www.topline.si\/wp-content\/uploads\/2020\/07\/BenetkeCom-logo-gold-400x107.jpg 400w, https:\/\/www.topline.si\/wp-content\/uploads\/2020\/07\/BenetkeCom-logo-gold-600x160.jpg 600w, https:\/\/www.topline.si\/wp-content\/uploads\/2020\/07\/BenetkeCom-logo-gold-800x214.jpg 800w, https:\/\/www.topline.si\/wp-content\/uploads\/2020\/07\/BenetkeCom-logo-gold-1200x321.jpg 1200w, https:\/\/www.topline.si\/wp-content\/uploads\/2020\/07\/BenetkeCom-logo-gold.jpg 2048w\" sizes=\"(max-width: 800px) 100vw, 600px\" \/><\/a><\/span><\/div><div class=\"fusion-clearfix\"><\/div><\/div><\/div><div class=\"fusion-layout-column fusion_builder_column fusion-builder-column-2 fusion_builder_column_1_2 1_2 fusion-one-half fusion-column-last\" style=\"--awb-bg-size:cover;--awb-margin-bottom:0px;width:48%;\"><div class=\"fusion-column-wrapper fusion-flex-column-wrapper-legacy\"><div class=\"fusion-video fusion-youtube\" style=\"--awb-max-width:600px;--awb-max-height:360px;\"><div class=\"video-shortcode\"><div class=\"fluid-width-video-wrapper\" style=\"padding-top:60%;\" ><iframe title=\"YouTube video player 1\" src=\"https:\/\/www.youtube.com\/embed\/07DkZTesANQ?wmode=transparent&autoplay=0\" width=\"600\" height=\"360\" allowfullscreen allow=\"autoplay; clipboard-write; encrypted-media; gyroscope; picture-in-picture;\"><\/iframe><\/div><\/div><\/div><div class=\"fusion-clearfix\"><\/div><\/div><\/div><\/div><\/div>\n","protected":false},"excerpt":{"rendered":"","protected":false},"author":2,"featured_media":0,"parent":908,"menu_order":0,"comment_status":"closed","ping_status":"closed","template":"","meta":{"footnotes":""},"class_list":["post-948","page","type-page","status-publish","hentry"],"yoast_head":"<!-- This site is optimized with the Yoast SEO plugin v27.2 - https:\/\/yoast.com\/product\/yoast-seo-wordpress\/ -->\n<title>V Benetke s katamaranom iz Pirana - TOP LINE d.o.o. Portoro\u017e<\/title>\n<meta name=\"robots\" content=\"index, follow, max-snippet:-1, max-image-preview:large, max-video-preview:-1\" \/>\n<link rel=\"canonical\" href=\"https:\/\/www.topline.si\/sl\/pomorstvo\/v-benetke-s-katamaranom-iz-pirana\/\" \/>\n<meta property=\"og:locale\" content=\"sl_SI\" \/>\n<meta property=\"og:type\" content=\"article\" \/>\n<meta property=\"og:title\" content=\"V Benetke s katamaranom iz Pirana - TOP LINE d.o.o. Portoro\u017e\" \/>\n<meta property=\"og:url\" content=\"https:\/\/www.topline.si\/sl\/pomorstvo\/v-benetke-s-katamaranom-iz-pirana\/\" \/>\n<meta property=\"og:site_name\" content=\"TOP LINE d.o.o. Portoro\u017e\" \/>\n<meta property=\"article:modified_time\" content=\"2020-07-10T16:25:23+00:00\" \/>\n<meta name=\"twitter:card\" content=\"summary_large_image\" \/>\n<meta name=\"twitter:label1\" content=\"Est. reading time\" \/>\n\t<meta name=\"twitter:data1\" content=\"4 minute\" \/>\n<script type=\"application\/ld+json\" class=\"yoast-schema-graph\">{\"@context\":\"https:\/\/schema.org\",\"@graph\":[{\"@type\":\"WebPage\",\"@id\":\"https:\/\/www.topline.si\/sl\/pomorstvo\/v-benetke-s-katamaranom-iz-pirana\/\",\"url\":\"https:\/\/www.topline.si\/sl\/pomorstvo\/v-benetke-s-katamaranom-iz-pirana\/\",\"name\":\"V Benetke s katamaranom iz Pirana - TOP LINE d.o.o. Portoro\u017e\",\"isPartOf\":{\"@id\":\"https:\/\/www.topline.si\/#website\"},\"datePublished\":\"2020-07-10T16:06:28+00:00\",\"dateModified\":\"2020-07-10T16:25:23+00:00\",\"breadcrumb\":{\"@id\":\"https:\/\/www.topline.si\/sl\/pomorstvo\/v-benetke-s-katamaranom-iz-pirana\/#breadcrumb\"},\"inLanguage\":\"sl-SI\",\"potentialAction\":[{\"@type\":\"ReadAction\",\"target\":[\"https:\/\/www.topline.si\/sl\/pomorstvo\/v-benetke-s-katamaranom-iz-pirana\/\"]}]},{\"@type\":\"BreadcrumbList\",\"@id\":\"https:\/\/www.topline.si\/sl\/pomorstvo\/v-benetke-s-katamaranom-iz-pirana\/#breadcrumb\",\"itemListElement\":[{\"@type\":\"ListItem\",\"position\":1,\"name\":\"Home\",\"item\":\"https:\/\/www.topline.si\/sl\/\"},{\"@type\":\"ListItem\",\"position\":2,\"name\":\"Pomorstvo\",\"item\":\"https:\/\/www.topline.si\/sl\/pomorstvo\/\"},{\"@type\":\"ListItem\",\"position\":3,\"name\":\"V Benetke s katamaranom iz Pirana\"}]},{\"@type\":\"WebSite\",\"@id\":\"https:\/\/www.topline.si\/#website\",\"url\":\"https:\/\/www.topline.si\/\",\"name\":\"TOP LINE d.o.o. Portoro\u017e\",\"description\":\"\",\"potentialAction\":[{\"@type\":\"SearchAction\",\"target\":{\"@type\":\"EntryPoint\",\"urlTemplate\":\"https:\/\/www.topline.si\/?s={search_term_string}\"},\"query-input\":{\"@type\":\"PropertyValueSpecification\",\"valueRequired\":true,\"valueName\":\"search_term_string\"}}],\"inLanguage\":\"sl-SI\"}]}<\/script>\n<!-- \/ Yoast SEO plugin. -->","yoast_head_json":{"title":"V Benetke s katamaranom iz Pirana - TOP LINE d.o.o. Portoro\u017e","robots":{"index":"index","follow":"follow","max-snippet":"max-snippet:-1","max-image-preview":"max-image-preview:large","max-video-preview":"max-video-preview:-1"},"canonical":"https:\/\/www.topline.si\/sl\/pomorstvo\/v-benetke-s-katamaranom-iz-pirana\/","og_locale":"sl_SI","og_type":"article","og_title":"V Benetke s katamaranom iz Pirana - TOP LINE d.o.o. Portoro\u017e","og_url":"https:\/\/www.topline.si\/sl\/pomorstvo\/v-benetke-s-katamaranom-iz-pirana\/","og_site_name":"TOP LINE d.o.o. Portoro\u017e","article_modified_time":"2020-07-10T16:25:23+00:00","twitter_card":"summary_large_image","twitter_misc":{"Est. reading time":"4 minute"},"schema":{"@context":"https:\/\/schema.org","@graph":[{"@type":"WebPage","@id":"https:\/\/www.topline.si\/sl\/pomorstvo\/v-benetke-s-katamaranom-iz-pirana\/","url":"https:\/\/www.topline.si\/sl\/pomorstvo\/v-benetke-s-katamaranom-iz-pirana\/","name":"V Benetke s katamaranom iz Pirana - TOP LINE d.o.o. Portoro\u017e","isPartOf":{"@id":"https:\/\/www.topline.si\/#website"},"datePublished":"2020-07-10T16:06:28+00:00","dateModified":"2020-07-10T16:25:23+00:00","breadcrumb":{"@id":"https:\/\/www.topline.si\/sl\/pomorstvo\/v-benetke-s-katamaranom-iz-pirana\/#breadcrumb"},"inLanguage":"sl-SI","potentialAction":[{"@type":"ReadAction","target":["https:\/\/www.topline.si\/sl\/pomorstvo\/v-benetke-s-katamaranom-iz-pirana\/"]}]},{"@type":"BreadcrumbList","@id":"https:\/\/www.topline.si\/sl\/pomorstvo\/v-benetke-s-katamaranom-iz-pirana\/#breadcrumb","itemListElement":[{"@type":"ListItem","position":1,"name":"Home","item":"https:\/\/www.topline.si\/sl\/"},{"@type":"ListItem","position":2,"name":"Pomorstvo","item":"https:\/\/www.topline.si\/sl\/pomorstvo\/"},{"@type":"ListItem","position":3,"name":"V Benetke s katamaranom iz Pirana"}]},{"@type":"WebSite","@id":"https:\/\/www.topline.si\/#website","url":"https:\/\/www.topline.si\/","name":"TOP LINE d.o.o. Portoro\u017e","description":"","potentialAction":[{"@type":"SearchAction","target":{"@type":"EntryPoint","urlTemplate":"https:\/\/www.topline.si\/?s={search_term_string}"},"query-input":{"@type":"PropertyValueSpecification","valueRequired":true,"valueName":"search_term_string"}}],"inLanguage":"sl-SI"}]}},"_links":{"self":[{"href":"https:\/\/www.topline.si\/sl\/wp-json\/wp\/v2\/pages\/948","targetHints":{"allow":["GET"]}}],"collection":[{"href":"https:\/\/www.topline.si\/sl\/wp-json\/wp\/v2\/pages"}],"about":[{"href":"https:\/\/www.topline.si\/sl\/wp-json\/wp\/v2\/types\/page"}],"author":[{"embeddable":true,"href":"https:\/\/www.topline.si\/sl\/wp-json\/wp\/v2\/users\/2"}],"replies":[{"embeddable":true,"href":"https:\/\/www.topline.si\/sl\/wp-json\/wp\/v2\/comments?post=948"}],"version-history":[{"count":11,"href":"https:\/\/www.topline.si\/sl\/wp-json\/wp\/v2\/pages\/948\/revisions"}],"predecessor-version":[{"id":963,"href":"https:\/\/www.topline.si\/sl\/wp-json\/wp\/v2\/pages\/948\/revisions\/963"}],"up":[{"embeddable":true,"href":"https:\/\/www.topline.si\/sl\/wp-json\/wp\/v2\/pages\/908"}],"wp:attachment":[{"href":"https:\/\/www.topline.si\/sl\/wp-json\/wp\/v2\/media?parent=948"}],"curies":[{"name":"wp","href":"https:\/\/api.w.org\/{rel}","templated":true}]}}