{"id":918,"date":"2020-07-09T14:19:13","date_gmt":"2020-07-09T12:19:13","guid":{"rendered":"https:\/\/www.topline.si\/?page_id=918"},"modified":"2020-07-09T15:04:16","modified_gmt":"2020-07-09T13:04:16","slug":"prevozi","status":"publish","type":"page","link":"https:\/\/www.topline.si\/sl\/prevozi\/","title":{"rendered":"Prevozi"},"content":{"rendered":"<p><div class=\"fusion-fullwidth fullwidth-box fusion-builder-row-1 nonhundred-percent-fullwidth non-hundred-percent-height-scrolling\" style=\"--awb-border-radius-top-left:0px;--awb-border-radius-top-right:0px;--awb-border-radius-bottom-right:0px;--awb-border-radius-bottom-left:0px;--awb-flex-wrap:wrap;\" ><div class=\"fusion-builder-row fusion-row\"><div class=\"fusion-layout-column fusion_builder_column fusion-builder-column-0 fusion_builder_column_1_1 1_1 fusion-one-full fusion-column-first fusion-column-last\" style=\"--awb-padding-top:2%;--awb-padding-right:2%;--awb-padding-bottom:2%;--awb-padding-left:2%;--awb-bg-size:cover;--awb-border-color:#ffc107;--awb-border-top:3px;--awb-border-right:3px;--awb-border-bottom:3px;--awb-border-left:3px;--awb-border-style:solid;--awb-margin-bottom:0px;\"><div class=\"fusion-column-wrapper fusion-column-has-shadow fusion-flex-column-wrapper-legacy\"><div class=\"fusion-text fusion-text-1\"><div class=\"tlid-results-container results-container\">\n<div class=\"tlid-result result-dict-wrapper\">\n<div class=\"result tlid-copy-target\">\n<div class=\"text-wrap tlid-copy-target\">\n<div class=\"result-shield-container tlid-copy-target\" tabindex=\"0\">\n<h2 style=\"text-align: center;\"><strong>POMEMBNO OBVESTILO V ZVEZI Z GoOpti PREVOZI:<\/strong><\/h2>\n<p>TOP Line je ponosna fran\u0161iza GoOpti in izvaja vse prenose za GoOpti na na\u0161em obmo\u010dju od 01.04.2012. Operacije so bile za kratek \u010das zaustavljene zaradi pandemije COVID-19 med 15.03 in 01.07.2020 iz varnostnih razlogov. Od 01.07.2020 na\u0161e storitve omejujemo na zasebne prenose, da bi prispevali pri prepre\u010devanju \u0161irjenja pandemije. TOP Line ostaja zvest partner GoOpti in upa, da bomo lahko v bli\u017enji prihodnosti ponudili deljene prevoze takoj ko bo to mo\u017eno.<\/p>\n<\/div>\n<\/div>\n<\/div>\n<\/div>\n<\/div>\n<\/div><div class=\"fusion-clearfix\"><\/div><\/div><\/div><\/div><\/div><div class=\"fusion-fullwidth fullwidth-box fusion-builder-row-2 nonhundred-percent-fullwidth non-hundred-percent-height-scrolling\" style=\"--awb-border-radius-top-left:0px;--awb-border-radius-top-right:0px;--awb-border-radius-bottom-right:0px;--awb-border-radius-bottom-left:0px;--awb-flex-wrap:wrap;\" ><div class=\"fusion-builder-row fusion-row\"><div class=\"fusion-layout-column fusion_builder_column fusion-builder-column-1 fusion_builder_column_1_1 1_1 fusion-one-full fusion-column-first fusion-column-last\" style=\"--awb-bg-size:cover;--awb-margin-bottom:0px;\"><div class=\"fusion-column-wrapper fusion-flex-column-wrapper-legacy\"><div class=\"fusion-text fusion-text-2\"><h3>Zavezujemo se ob sprejemljivi ceni ponuditi najbolj\u0161o mo\u017eno storitev. Na\u0161 vozni park sestavljajo dobro vzdr\u017eevani avtomobili, MPV-ji in kombiji, ki ustrezajo najvi\u0161jim prevoznim standardom.<\/h3>\n<p style=\"text-align: center;\">Zakaj potovati z nami?<\/p>\n<\/div><div class=\"fusion-clearfix\"><\/div><\/div><\/div><div class=\"fusion-layout-column fusion_builder_column fusion-builder-column-2 fusion_builder_column_1_3 1_3 fusion-one-third fusion-column-first\" style=\"--awb-bg-size:cover;width:33.333333333333%;width:calc(33.333333333333% - ( ( 4% + 4% ) * 0.33333333333333 ) );margin-right: 4%;\"><div class=\"fusion-column-wrapper fusion-column-has-shadow fusion-flex-column-wrapper-legacy\"><div class=\"fusion-title title fusion-title-1 fusion-sep-none fusion-title-text fusion-title-size-two\" style=\"--awb-margin-top-small:0px;--awb-margin-right-small:0px;--awb-margin-bottom-small:20px;--awb-margin-left-small:0px;\"><h2 class=\"fusion-title-heading title-heading-left\" style=\"margin:0;\"><p style=\"text-align: center;\">Smo zanesljivi<\/p><\/h2><\/div><div class=\"fusion-text fusion-text-3\"><p>Obljubimo, da bomo opravili vse rezervirane prenose. Ni vam treba skrbeti, da bi va\u0161 prenos preklicali.<\/p>\n<\/div><div class=\"fusion-clearfix\"><\/div><\/div><\/div><div class=\"fusion-layout-column fusion_builder_column fusion-builder-column-3 fusion_builder_column_1_3 1_3 fusion-one-third\" style=\"--awb-bg-size:cover;width:33.333333333333%;width:calc(33.333333333333% - ( ( 4% + 4% ) * 0.33333333333333 ) );margin-right: 4%;\"><div class=\"fusion-column-wrapper fusion-column-has-shadow fusion-flex-column-wrapper-legacy\"><div class=\"fusion-title title fusion-title-2 fusion-sep-none fusion-title-text fusion-title-size-two\" style=\"--awb-margin-top-small:0px;--awb-margin-right-small:0px;--awb-margin-bottom-small:20px;--awb-margin-left-small:0px;\"><h2 class=\"fusion-title-heading title-heading-left\" style=\"margin:0;\"><p style=\"text-align: center;\">Izu\u010deni vozniki<\/p><\/h2><\/div><div class=\"fusion-text fusion-text-4\"><p>Z rednimi treningi in te\u010daji so na\u0161i vozniki pravi profesionalci. So definicija odgovornosti, urejenosti, vsi uniformirani in pripravljeni dobro poskrbeti za vas.<\/p>\n<\/div><div class=\"fusion-clearfix\"><\/div><\/div><\/div><div class=\"fusion-layout-column fusion_builder_column fusion-builder-column-4 fusion_builder_column_1_3 1_3 fusion-one-third fusion-column-last\" style=\"--awb-bg-size:cover;width:33.333333333333%;width:calc(33.333333333333% - ( ( 4% + 4% ) * 0.33333333333333 ) );\"><div class=\"fusion-column-wrapper fusion-column-has-shadow fusion-flex-column-wrapper-legacy\"><div class=\"fusion-title title fusion-title-3 fusion-sep-none fusion-title-text fusion-title-size-two\" style=\"--awb-margin-top-small:0px;--awb-margin-right-small:0px;--awb-margin-bottom-small:20px;--awb-margin-left-small:0px;\"><h2 class=\"fusion-title-heading title-heading-left\" style=\"margin:0;\"><p style=\"text-align: center;\">Hitra podpora<\/p><\/h2><\/div><div class=\"fusion-text fusion-text-5\"><p>Z ekipo agentov si prizadevamo, da bi zagotovili hitre potrditve po konkuren\u010dnih cenah.<\/p>\n<\/div><div class=\"fusion-clearfix\"><\/div><\/div><\/div><div class=\"fusion-layout-column fusion_builder_column fusion-builder-column-5 fusion_builder_column_1_3 1_3 fusion-one-third fusion-column-first\" style=\"--awb-bg-size:cover;width:33.333333333333%;width:calc(33.333333333333% - ( ( 4% + 4% ) * 0.33333333333333 ) );margin-right: 4%;\"><div class=\"fusion-column-wrapper fusion-column-has-shadow fusion-flex-column-wrapper-legacy\"><div class=\"fusion-title title fusion-title-4 fusion-sep-none fusion-title-text fusion-title-size-two\" style=\"--awb-margin-top-small:0px;--awb-margin-right-small:0px;--awb-margin-bottom-small:20px;--awb-margin-left-small:0px;\"><h2 class=\"fusion-title-heading title-heading-left\" style=\"margin:0;\"><p style=\"text-align: center;\">Profesionalen odnos<\/p><\/h2><\/div><div class=\"fusion-text fusion-text-6\"><p>Na\u0161i vozniki niso sami na cesti. Na\u0161a podporna pisarna sledi vsem njihovim korakom in vam lahko ponudi podporo v primeru potrebe.<\/p>\n<\/div><div class=\"fusion-clearfix\"><\/div><\/div><\/div><div class=\"fusion-layout-column fusion_builder_column fusion-builder-column-6 fusion_builder_column_1_3 1_3 fusion-one-third\" style=\"--awb-bg-size:cover;width:33.333333333333%;width:calc(33.333333333333% - ( ( 4% + 4% ) * 0.33333333333333 ) );margin-right: 4%;\"><div class=\"fusion-column-wrapper fusion-column-has-shadow fusion-flex-column-wrapper-legacy\"><div class=\"fusion-title title fusion-title-5 fusion-sep-none fusion-title-text fusion-title-size-two\" style=\"--awb-margin-top-small:0px;--awb-margin-right-small:0px;--awb-margin-bottom-small:20px;--awb-margin-left-small:0px;\"><h2 class=\"fusion-title-heading title-heading-left\" style=\"margin:0;\"><p style=\"text-align: center;\">To\u010dnost<\/p><\/h2><\/div><div class=\"fusion-text fusion-text-7\"><p>Zavezani smo to\u010dnosti. Na\u0161i vozniki vas bodo \u0161e pred odhodom do\u010dakali in vas sprejeli v vozilo.<\/p>\n<\/div><div class=\"fusion-clearfix\"><\/div><\/div><\/div><div class=\"fusion-layout-column fusion_builder_column fusion-builder-column-7 fusion_builder_column_1_3 1_3 fusion-one-third fusion-column-last\" style=\"--awb-bg-size:cover;width:33.333333333333%;width:calc(33.333333333333% - ( ( 4% + 4% ) * 0.33333333333333 ) );\"><div class=\"fusion-column-wrapper fusion-column-has-shadow fusion-flex-column-wrapper-legacy\"><div class=\"fusion-title title fusion-title-6 fusion-sep-none fusion-title-text fusion-title-size-two\" style=\"--awb-margin-top-small:0px;--awb-margin-right-small:0px;--awb-margin-bottom-small:20px;--awb-margin-left-small:0px;\"><h2 class=\"fusion-title-heading title-heading-left\" style=\"margin:0;\"><p style=\"text-align: center;\">\u010cista vozila<\/p><\/h2><\/div><div class=\"fusion-text fusion-text-8\"><p>Vsa na\u0161a vozila so o\u010di\u0161\u010dena pred vsakim potovanjem, so dobro vzdr\u017eevana in redno servisirana. Vsi avtomobili so opremljeni z vsem, kar je potrebno za varno pot.<\/p>\n<\/div><div class=\"fusion-clearfix\"><\/div><\/div><\/div><\/div><\/div><\/p>\n","protected":false},"excerpt":{"rendered":"","protected":false},"author":2,"featured_media":0,"parent":0,"menu_order":0,"comment_status":"closed","ping_status":"closed","template":"","meta":{"footnotes":""},"class_list":["post-918","page","type-page","status-publish","hentry"],"yoast_head":"<!-- This site is optimized with the Yoast SEO plugin v27.2 - https:\/\/yoast.com\/product\/yoast-seo-wordpress\/ -->\n<title>Prevozi - TOP LINE d.o.o. Portoro\u017e<\/title>\n<meta name=\"robots\" content=\"index, follow, max-snippet:-1, max-image-preview:large, max-video-preview:-1\" \/>\n<link rel=\"canonical\" href=\"https:\/\/www.topline.si\/sl\/prevozi\/\" \/>\n<meta property=\"og:locale\" content=\"sl_SI\" \/>\n<meta property=\"og:type\" content=\"article\" \/>\n<meta property=\"og:title\" content=\"Prevozi - TOP LINE d.o.o. Portoro\u017e\" \/>\n<meta property=\"og:url\" content=\"https:\/\/www.topline.si\/sl\/prevozi\/\" \/>\n<meta property=\"og:site_name\" content=\"TOP LINE d.o.o. Portoro\u017e\" \/>\n<meta property=\"article:modified_time\" content=\"2020-07-09T13:04:16+00:00\" \/>\n<meta name=\"twitter:card\" content=\"summary_large_image\" \/>\n<meta name=\"twitter:label1\" content=\"Est. reading time\" \/>\n\t<meta name=\"twitter:data1\" content=\"13 minut\" \/>\n<script type=\"application\/ld+json\" class=\"yoast-schema-graph\">{\"@context\":\"https:\/\/schema.org\",\"@graph\":[{\"@type\":\"WebPage\",\"@id\":\"https:\/\/www.topline.si\/sl\/prevozi\/\",\"url\":\"https:\/\/www.topline.si\/sl\/prevozi\/\",\"name\":\"Prevozi - TOP LINE d.o.o. Portoro\u017e\",\"isPartOf\":{\"@id\":\"https:\/\/www.topline.si\/#website\"},\"datePublished\":\"2020-07-09T12:19:13+00:00\",\"dateModified\":\"2020-07-09T13:04:16+00:00\",\"breadcrumb\":{\"@id\":\"https:\/\/www.topline.si\/sl\/prevozi\/#breadcrumb\"},\"inLanguage\":\"sl-SI\",\"potentialAction\":[{\"@type\":\"ReadAction\",\"target\":[\"https:\/\/www.topline.si\/sl\/prevozi\/\"]}]},{\"@type\":\"BreadcrumbList\",\"@id\":\"https:\/\/www.topline.si\/sl\/prevozi\/#breadcrumb\",\"itemListElement\":[{\"@type\":\"ListItem\",\"position\":1,\"name\":\"Home\",\"item\":\"https:\/\/www.topline.si\/sl\/\"},{\"@type\":\"ListItem\",\"position\":2,\"name\":\"Prevozi\"}]},{\"@type\":\"WebSite\",\"@id\":\"https:\/\/www.topline.si\/#website\",\"url\":\"https:\/\/www.topline.si\/\",\"name\":\"TOP LINE d.o.o. Portoro\u017e\",\"description\":\"\",\"potentialAction\":[{\"@type\":\"SearchAction\",\"target\":{\"@type\":\"EntryPoint\",\"urlTemplate\":\"https:\/\/www.topline.si\/?s={search_term_string}\"},\"query-input\":{\"@type\":\"PropertyValueSpecification\",\"valueRequired\":true,\"valueName\":\"search_term_string\"}}],\"inLanguage\":\"sl-SI\"}]}<\/script>\n<!-- \/ Yoast SEO plugin. -->","yoast_head_json":{"title":"Prevozi - TOP LINE d.o.o. Portoro\u017e","robots":{"index":"index","follow":"follow","max-snippet":"max-snippet:-1","max-image-preview":"max-image-preview:large","max-video-preview":"max-video-preview:-1"},"canonical":"https:\/\/www.topline.si\/sl\/prevozi\/","og_locale":"sl_SI","og_type":"article","og_title":"Prevozi - TOP LINE d.o.o. Portoro\u017e","og_url":"https:\/\/www.topline.si\/sl\/prevozi\/","og_site_name":"TOP LINE d.o.o. Portoro\u017e","article_modified_time":"2020-07-09T13:04:16+00:00","twitter_card":"summary_large_image","twitter_misc":{"Est. reading time":"13 minut"},"schema":{"@context":"https:\/\/schema.org","@graph":[{"@type":"WebPage","@id":"https:\/\/www.topline.si\/sl\/prevozi\/","url":"https:\/\/www.topline.si\/sl\/prevozi\/","name":"Prevozi - TOP LINE d.o.o. Portoro\u017e","isPartOf":{"@id":"https:\/\/www.topline.si\/#website"},"datePublished":"2020-07-09T12:19:13+00:00","dateModified":"2020-07-09T13:04:16+00:00","breadcrumb":{"@id":"https:\/\/www.topline.si\/sl\/prevozi\/#breadcrumb"},"inLanguage":"sl-SI","potentialAction":[{"@type":"ReadAction","target":["https:\/\/www.topline.si\/sl\/prevozi\/"]}]},{"@type":"BreadcrumbList","@id":"https:\/\/www.topline.si\/sl\/prevozi\/#breadcrumb","itemListElement":[{"@type":"ListItem","position":1,"name":"Home","item":"https:\/\/www.topline.si\/sl\/"},{"@type":"ListItem","position":2,"name":"Prevozi"}]},{"@type":"WebSite","@id":"https:\/\/www.topline.si\/#website","url":"https:\/\/www.topline.si\/","name":"TOP LINE d.o.o. Portoro\u017e","description":"","potentialAction":[{"@type":"SearchAction","target":{"@type":"EntryPoint","urlTemplate":"https:\/\/www.topline.si\/?s={search_term_string}"},"query-input":{"@type":"PropertyValueSpecification","valueRequired":true,"valueName":"search_term_string"}}],"inLanguage":"sl-SI"}]}},"_links":{"self":[{"href":"https:\/\/www.topline.si\/sl\/wp-json\/wp\/v2\/pages\/918","targetHints":{"allow":["GET"]}}],"collection":[{"href":"https:\/\/www.topline.si\/sl\/wp-json\/wp\/v2\/pages"}],"about":[{"href":"https:\/\/www.topline.si\/sl\/wp-json\/wp\/v2\/types\/page"}],"author":[{"embeddable":true,"href":"https:\/\/www.topline.si\/sl\/wp-json\/wp\/v2\/users\/2"}],"replies":[{"embeddable":true,"href":"https:\/\/www.topline.si\/sl\/wp-json\/wp\/v2\/comments?post=918"}],"version-history":[{"count":8,"href":"https:\/\/www.topline.si\/sl\/wp-json\/wp\/v2\/pages\/918\/revisions"}],"predecessor-version":[{"id":927,"href":"https:\/\/www.topline.si\/sl\/wp-json\/wp\/v2\/pages\/918\/revisions\/927"}],"wp:attachment":[{"href":"https:\/\/www.topline.si\/sl\/wp-json\/wp\/v2\/media?parent=918"}],"curies":[{"name":"wp","href":"https:\/\/api.w.org\/{rel}","templated":true}]}}