{"id":908,"date":"2020-07-09T14:10:08","date_gmt":"2020-07-09T12:10:08","guid":{"rendered":"https:\/\/www.topline.si\/?page_id=908"},"modified":"2020-07-09T14:10:08","modified_gmt":"2020-07-09T12:10:08","slug":"pomorstvo","status":"publish","type":"page","link":"https:\/\/www.topline.si\/sl\/pomorstvo\/","title":{"rendered":"Pomorstvo"},"content":{"rendered":"<p><div class=\"fusion-fullwidth fullwidth-box fusion-builder-row-1 nonhundred-percent-fullwidth non-hundred-percent-height-scrolling\" style=\"--awb-border-radius-top-left:0px;--awb-border-radius-top-right:0px;--awb-border-radius-bottom-right:0px;--awb-border-radius-bottom-left:0px;--awb-flex-wrap:wrap;\" ><div class=\"fusion-builder-row fusion-row\"><div class=\"fusion-layout-column fusion_builder_column fusion-builder-column-0 fusion_builder_column_1_1 1_1 fusion-one-full fusion-column-first fusion-column-last\" style=\"--awb-bg-size:cover;--awb-margin-bottom:0px;\"><div class=\"fusion-column-wrapper fusion-flex-column-wrapper-legacy\"><div class=\"fusion-text fusion-text-1\"><p>Od leta 2009 je podjetje TOP Line tudi prisoten kot pomorski agent in prodajno mesto za pomorski prevoz za ve\u010dinokomercialnih plovil, ki prihajajo v Piran.<\/p>\n<p>Ponujamo vam podporo v vlogi pomorskega agenta in vam s pomo\u010djo na\u0161e mre\u017ee zastopnikov in podizvajalcev pomagamo pove\u010dati prodajo svojih sede\u017eev na vseh plovilih, ki peljejo skozi Piran.<\/p>\n<\/div><div class=\"fusion-clearfix\"><\/div><\/div><\/div><\/div><\/div><div class=\"fusion-fullwidth fullwidth-box fusion-builder-row-2 nonhundred-percent-fullwidth non-hundred-percent-height-scrolling\" style=\"--awb-border-radius-top-left:0px;--awb-border-radius-top-right:0px;--awb-border-radius-bottom-right:0px;--awb-border-radius-bottom-left:0px;--awb-flex-wrap:wrap;\" ><div class=\"fusion-builder-row fusion-row\"><div class=\"fusion-layout-column fusion_builder_column fusion-builder-column-1 fusion_builder_column_1_2 1_2 fusion-one-half fusion-column-first\" style=\"--awb-padding-top:2%;--awb-padding-right:2%;--awb-padding-bottom:2%;--awb-padding-left:2%;--awb-bg-size:cover;--awb-border-color:#f44336;--awb-border-top:1px;--awb-border-right:1px;--awb-border-bottom:1px;--awb-border-left:1px;--awb-border-style:solid;width:50%;width:calc(50% - ( ( 4% ) * 0.5 ) );margin-right: 4%;\"><div class=\"fusion-column-wrapper fusion-column-has-shadow fusion-flex-column-wrapper-legacy\"><div class=\"fusion-title title fusion-title-1 fusion-sep-none fusion-title-text fusion-title-size-two\" style=\"--awb-margin-top-small:0px;--awb-margin-right-small:0px;--awb-margin-bottom-small:20px;--awb-margin-left-small:0px;\"><h2 class=\"fusion-title-heading title-heading-left\" style=\"margin:0;\"><p style=\"text-align: center;\">TR\u017dENJE IN PRODAJA VOZOVNIC<\/p><\/h2><\/div><div class=\"fusion-image-element in-legacy-container\" style=\"--awb-caption-title-font-family:var(--h2_typography-font-family);--awb-caption-title-font-weight:var(--h2_typography-font-weight);--awb-caption-title-font-style:var(--h2_typography-font-style);--awb-caption-title-size:var(--h2_typography-font-size);--awb-caption-title-transform:var(--h2_typography-text-transform);--awb-caption-title-line-height:var(--h2_typography-line-height);--awb-caption-title-letter-spacing:var(--h2_typography-letter-spacing);\"><span class=\" fusion-imageframe imageframe-none imageframe-1 hover-type-none\"><img decoding=\"async\" width=\"1000\" height=\"750\" alt=\"Ticket sales Venice\" title=\"Ticket sales\" src=\"https:\/\/www.topline.si\/wp-content\/uploads\/2020\/05\/Ticket-sales.jpg\" class=\"img-responsive wp-image-269\" srcset=\"https:\/\/www.topline.si\/wp-content\/uploads\/2020\/05\/Ticket-sales-200x150.jpg 200w, https:\/\/www.topline.si\/wp-content\/uploads\/2020\/05\/Ticket-sales-400x300.jpg 400w, https:\/\/www.topline.si\/wp-content\/uploads\/2020\/05\/Ticket-sales-600x450.jpg 600w, https:\/\/www.topline.si\/wp-content\/uploads\/2020\/05\/Ticket-sales-800x600.jpg 800w, https:\/\/www.topline.si\/wp-content\/uploads\/2020\/05\/Ticket-sales.jpg 1000w\" sizes=\"(max-width: 800px) 100vw, 600px\" \/><\/span><\/div><div class=\"fusion-text fusion-text-2\"><p>Od leta 2009 smo ekskluzivno prodajno mesto vozovnic za mednarodno linijo med Piranom in Benetkami. Z mre\u017eo subagentov, partnerskih partnerjev in inovativnih na\u010dinov promocije na\u0161ih storitev prodamo ve\u010d kot 6.000 vstopnic za sezonsko storitev med Piranom in Benetkami. Med letoma 2009 in 2014 smo bili agenti Commodore Cruise za ladjo HSC Dora; leta 2015 jo je nasledil najhitrej\u0161i katamaran na jadranski obali: San Frangisk, ki pripada Virtu Ferries in deluje pod blagovno znamko Venezia Lines.<\/p>\n<\/div><div class=\"fusion-clearfix\"><\/div><\/div><\/div><div class=\"fusion-layout-column fusion_builder_column fusion-builder-column-2 fusion_builder_column_1_2 1_2 fusion-one-half fusion-column-last\" style=\"--awb-padding-top:2%;--awb-padding-right:2%;--awb-padding-bottom:2%;--awb-padding-left:2%;--awb-bg-size:cover;--awb-border-color:#f44336;--awb-border-top:1px;--awb-border-right:1px;--awb-border-bottom:1px;--awb-border-left:1px;--awb-border-style:solid;width:50%;width:calc(50% - ( ( 4% ) * 0.5 ) );\"><div class=\"fusion-column-wrapper fusion-column-has-shadow fusion-flex-column-wrapper-legacy\"><div class=\"fusion-title title fusion-title-2 fusion-sep-none fusion-title-text fusion-title-size-two\" style=\"--awb-margin-top-small:0px;--awb-margin-right-small:0px;--awb-margin-bottom-small:20px;--awb-margin-left-small:0px;\"><h2 class=\"fusion-title-heading title-heading-left\" style=\"margin:0;\"><p style=\"text-align: center;\">POMORSKI AGENT<\/p><\/h2><\/div><div class=\"fusion-image-element in-legacy-container\" style=\"--awb-caption-title-font-family:var(--h2_typography-font-family);--awb-caption-title-font-weight:var(--h2_typography-font-weight);--awb-caption-title-font-style:var(--h2_typography-font-style);--awb-caption-title-size:var(--h2_typography-font-size);--awb-caption-title-transform:var(--h2_typography-text-transform);--awb-caption-title-line-height:var(--h2_typography-line-height);--awb-caption-title-letter-spacing:var(--h2_typography-letter-spacing);\"><span class=\" fusion-imageframe imageframe-none imageframe-2 hover-type-none\"><a class=\"fusion-no-lightbox\" href=\"https:\/\/www.topline.si\/port-agent\/\" target=\"_self\" aria-label=\"AGENT SHIP\"><img decoding=\"async\" width=\"1000\" height=\"750\" alt=\"Port agent Piran\" src=\"https:\/\/www.topline.si\/wp-content\/uploads\/2020\/05\/AGENT-SHIP.jpg\" class=\"img-responsive wp-image-263\" srcset=\"https:\/\/www.topline.si\/wp-content\/uploads\/2020\/05\/AGENT-SHIP-200x150.jpg 200w, https:\/\/www.topline.si\/wp-content\/uploads\/2020\/05\/AGENT-SHIP-400x300.jpg 400w, https:\/\/www.topline.si\/wp-content\/uploads\/2020\/05\/AGENT-SHIP-600x450.jpg 600w, https:\/\/www.topline.si\/wp-content\/uploads\/2020\/05\/AGENT-SHIP-800x600.jpg 800w, https:\/\/www.topline.si\/wp-content\/uploads\/2020\/05\/AGENT-SHIP.jpg 1000w\" sizes=\"(max-width: 800px) 100vw, 600px\" \/><\/a><\/span><\/div><div class=\"fusion-text fusion-text-3\"><p>Z ve\u010d kot 30-letnimi izku\u0161njami na podro\u010dju turizma vemo, kaj si gostje \u017eelijo in potrebujejo. Pred 10 leti smo to znanje povezali s pomorskim prometom, od leta 2009 pa v Piranu delujemo tudi kot pristani\u0161ki agent za potni\u0161ka plovila. Na\u0161e storitve uporabljajo vsa redna potni\u0161ka plovila, ki prihajajo v Piran. Na\u0161im strankam lahko nudimo podporo pri organizaciji celovitega dogodka na morju: najem plovila, priprava plovila na dogodek, oskrba plovila med plovbo, razsvetljava, \u017eiva glasba, DJ-ji in vsa potrebna oskrba z ladjo, tako da se VI lahko osredoto\u010dite na stranko.<\/p>\n<\/div><div class=\"fusion-clearfix\"><\/div><\/div><\/div><\/div><\/div><\/p>\n","protected":false},"excerpt":{"rendered":"","protected":false},"author":2,"featured_media":0,"parent":0,"menu_order":0,"comment_status":"closed","ping_status":"closed","template":"","meta":{"footnotes":""},"class_list":["post-908","page","type-page","status-publish","hentry"],"yoast_head":"<!-- This site is optimized with the Yoast SEO plugin v27.2 - https:\/\/yoast.com\/product\/yoast-seo-wordpress\/ -->\n<title>Pomorstvo - TOP LINE d.o.o. Portoro\u017e<\/title>\n<meta name=\"robots\" content=\"index, follow, max-snippet:-1, max-image-preview:large, max-video-preview:-1\" \/>\n<link rel=\"canonical\" href=\"https:\/\/www.topline.si\/sl\/pomorstvo\/\" \/>\n<meta property=\"og:locale\" content=\"sl_SI\" \/>\n<meta property=\"og:type\" content=\"article\" \/>\n<meta property=\"og:title\" content=\"Pomorstvo - TOP LINE d.o.o. Portoro\u017e\" \/>\n<meta property=\"og:url\" content=\"https:\/\/www.topline.si\/sl\/pomorstvo\/\" \/>\n<meta property=\"og:site_name\" content=\"TOP LINE d.o.o. Portoro\u017e\" \/>\n<meta name=\"twitter:card\" content=\"summary_large_image\" \/>\n<meta name=\"twitter:label1\" content=\"Est. reading time\" \/>\n\t<meta name=\"twitter:data1\" content=\"7 minut\" \/>\n<script type=\"application\/ld+json\" class=\"yoast-schema-graph\">{\"@context\":\"https:\/\/schema.org\",\"@graph\":[{\"@type\":\"WebPage\",\"@id\":\"https:\/\/www.topline.si\/sl\/pomorstvo\/\",\"url\":\"https:\/\/www.topline.si\/sl\/pomorstvo\/\",\"name\":\"Pomorstvo - TOP LINE d.o.o. Portoro\u017e\",\"isPartOf\":{\"@id\":\"https:\/\/www.topline.si\/#website\"},\"datePublished\":\"2020-07-09T12:10:08+00:00\",\"breadcrumb\":{\"@id\":\"https:\/\/www.topline.si\/sl\/pomorstvo\/#breadcrumb\"},\"inLanguage\":\"sl-SI\",\"potentialAction\":[{\"@type\":\"ReadAction\",\"target\":[\"https:\/\/www.topline.si\/sl\/pomorstvo\/\"]}]},{\"@type\":\"BreadcrumbList\",\"@id\":\"https:\/\/www.topline.si\/sl\/pomorstvo\/#breadcrumb\",\"itemListElement\":[{\"@type\":\"ListItem\",\"position\":1,\"name\":\"Home\",\"item\":\"https:\/\/www.topline.si\/sl\/\"},{\"@type\":\"ListItem\",\"position\":2,\"name\":\"Pomorstvo\"}]},{\"@type\":\"WebSite\",\"@id\":\"https:\/\/www.topline.si\/#website\",\"url\":\"https:\/\/www.topline.si\/\",\"name\":\"TOP LINE d.o.o. Portoro\u017e\",\"description\":\"\",\"potentialAction\":[{\"@type\":\"SearchAction\",\"target\":{\"@type\":\"EntryPoint\",\"urlTemplate\":\"https:\/\/www.topline.si\/?s={search_term_string}\"},\"query-input\":{\"@type\":\"PropertyValueSpecification\",\"valueRequired\":true,\"valueName\":\"search_term_string\"}}],\"inLanguage\":\"sl-SI\"}]}<\/script>\n<!-- \/ Yoast SEO plugin. -->","yoast_head_json":{"title":"Pomorstvo - TOP LINE d.o.o. Portoro\u017e","robots":{"index":"index","follow":"follow","max-snippet":"max-snippet:-1","max-image-preview":"max-image-preview:large","max-video-preview":"max-video-preview:-1"},"canonical":"https:\/\/www.topline.si\/sl\/pomorstvo\/","og_locale":"sl_SI","og_type":"article","og_title":"Pomorstvo - TOP LINE d.o.o. Portoro\u017e","og_url":"https:\/\/www.topline.si\/sl\/pomorstvo\/","og_site_name":"TOP LINE d.o.o. Portoro\u017e","twitter_card":"summary_large_image","twitter_misc":{"Est. reading time":"7 minut"},"schema":{"@context":"https:\/\/schema.org","@graph":[{"@type":"WebPage","@id":"https:\/\/www.topline.si\/sl\/pomorstvo\/","url":"https:\/\/www.topline.si\/sl\/pomorstvo\/","name":"Pomorstvo - TOP LINE d.o.o. Portoro\u017e","isPartOf":{"@id":"https:\/\/www.topline.si\/#website"},"datePublished":"2020-07-09T12:10:08+00:00","breadcrumb":{"@id":"https:\/\/www.topline.si\/sl\/pomorstvo\/#breadcrumb"},"inLanguage":"sl-SI","potentialAction":[{"@type":"ReadAction","target":["https:\/\/www.topline.si\/sl\/pomorstvo\/"]}]},{"@type":"BreadcrumbList","@id":"https:\/\/www.topline.si\/sl\/pomorstvo\/#breadcrumb","itemListElement":[{"@type":"ListItem","position":1,"name":"Home","item":"https:\/\/www.topline.si\/sl\/"},{"@type":"ListItem","position":2,"name":"Pomorstvo"}]},{"@type":"WebSite","@id":"https:\/\/www.topline.si\/#website","url":"https:\/\/www.topline.si\/","name":"TOP LINE d.o.o. Portoro\u017e","description":"","potentialAction":[{"@type":"SearchAction","target":{"@type":"EntryPoint","urlTemplate":"https:\/\/www.topline.si\/?s={search_term_string}"},"query-input":{"@type":"PropertyValueSpecification","valueRequired":true,"valueName":"search_term_string"}}],"inLanguage":"sl-SI"}]}},"_links":{"self":[{"href":"https:\/\/www.topline.si\/sl\/wp-json\/wp\/v2\/pages\/908","targetHints":{"allow":["GET"]}}],"collection":[{"href":"https:\/\/www.topline.si\/sl\/wp-json\/wp\/v2\/pages"}],"about":[{"href":"https:\/\/www.topline.si\/sl\/wp-json\/wp\/v2\/types\/page"}],"author":[{"embeddable":true,"href":"https:\/\/www.topline.si\/sl\/wp-json\/wp\/v2\/users\/2"}],"replies":[{"embeddable":true,"href":"https:\/\/www.topline.si\/sl\/wp-json\/wp\/v2\/comments?post=908"}],"version-history":[{"count":2,"href":"https:\/\/www.topline.si\/sl\/wp-json\/wp\/v2\/pages\/908\/revisions"}],"predecessor-version":[{"id":910,"href":"https:\/\/www.topline.si\/sl\/wp-json\/wp\/v2\/pages\/908\/revisions\/910"}],"wp:attachment":[{"href":"https:\/\/www.topline.si\/sl\/wp-json\/wp\/v2\/media?parent=908"}],"curies":[{"name":"wp","href":"https:\/\/api.w.org\/{rel}","templated":true}]}}