{"id":714,"date":"2020-06-13T19:11:15","date_gmt":"2020-06-13T17:11:15","guid":{"rendered":"https:\/\/www.topline.si\/?page_id=714"},"modified":"2021-05-17T07:54:04","modified_gmt":"2021-05-17T05:54:04","slug":"prva-stran","status":"publish","type":"page","link":"https:\/\/www.topline.si\/sl\/","title":{"rendered":"Prva stran"},"content":{"rendered":"<div class=\"fusion-fullwidth fullwidth-box fusion-builder-row-1 nonhundred-percent-fullwidth non-hundred-percent-height-scrolling\" style=\"--awb-border-radius-top-left:0px;--awb-border-radius-top-right:0px;--awb-border-radius-bottom-right:0px;--awb-border-radius-bottom-left:0px;--awb-flex-wrap:wrap;\" ><div class=\"fusion-builder-row fusion-row\"><div class=\"fusion-layout-column fusion_builder_column fusion-builder-column-0 fusion_builder_column_1_3 1_3 fusion-one-third fusion-column-first\" style=\"--awb-padding-top:2%;--awb-padding-right:2%;--awb-padding-bottom:2%;--awb-padding-left:2%;--awb-bg-size:cover;--awb-border-color:#f44336;--awb-border-top:1px;--awb-border-right:1px;--awb-border-bottom:1px;--awb-border-left:1px;--awb-border-style:solid;width:33.333333333333%;width:calc(33.333333333333% - ( ( 4% + 4% ) * 0.33333333333333 ) );margin-right: 4%;\"><div class=\"fusion-column-wrapper fusion-column-has-shadow fusion-flex-column-wrapper-legacy\"><div class=\"fusion-title title fusion-title-1 fusion-sep-none fusion-title-text fusion-title-size-two\" style=\"--awb-margin-top-small:0px;--awb-margin-right-small:0px;--awb-margin-bottom-small:20px;--awb-margin-left-small:0px;\"><h2 class=\"fusion-title-heading title-heading-left\" style=\"margin:0;\"><p style=\"text-align: center;\">CESTNI PREVOZ POTNIKOV<\/p><\/h2><\/div><div class=\"fusion-text fusion-text-1\"><p>\u010ce i\u0161\u010dete prevoz do slovenske obale ali i\u0161\u010dete zanesljivo ponudbo najema vozila z voznikom, ste na pravem mestu. \u017de ve\u010d kot 30 let se ukvarjamo s prevozi potnikov z osebnimi vozili in kombiji. Na\u0161i vozniki so lahko tudi Va\u0161i vodniki; vodimo izlete v razli\u010dnih jezikih, tako da potovanje od to\u010dke A do B ni samo \u0161e en prevoz; lahko je tudi prijetna izku\u0161nja. Preverite na\u0161o ponudbo in se odpeljite z nami&#8230;<\/p>\n<\/div><div class=\"fusion-image-element in-legacy-container\" style=\"--awb-caption-title-font-family:var(--h2_typography-font-family);--awb-caption-title-font-weight:var(--h2_typography-font-weight);--awb-caption-title-font-style:var(--h2_typography-font-style);--awb-caption-title-size:var(--h2_typography-font-size);--awb-caption-title-transform:var(--h2_typography-text-transform);--awb-caption-title-line-height:var(--h2_typography-line-height);--awb-caption-title-letter-spacing:var(--h2_typography-letter-spacing);\"><span class=\" fusion-imageframe imageframe-none imageframe-1 hover-type-none\"><a class=\"fusion-no-lightbox\" href=\"https:\/\/www.topline.si\/passenger-transfers\/\" target=\"_self\" aria-label=\"GO FE\"><img decoding=\"async\" width=\"500\" height=\"300\" alt=\"Transfers\" src=\"https:\/\/www.topline.si\/wp-content\/uploads\/2020\/05\/GO-FE.jpg\" class=\"img-responsive wp-image-225\" srcset=\"https:\/\/www.topline.si\/wp-content\/uploads\/2020\/05\/GO-FE-200x120.jpg 200w, https:\/\/www.topline.si\/wp-content\/uploads\/2020\/05\/GO-FE-400x240.jpg 400w, https:\/\/www.topline.si\/wp-content\/uploads\/2020\/05\/GO-FE.jpg 500w\" sizes=\"(max-width: 800px) 100vw, 400px\" \/><\/a><\/span><\/div><div class=\"fusion-clearfix\"><\/div><\/div><\/div><div class=\"fusion-layout-column fusion_builder_column fusion-builder-column-1 fusion_builder_column_1_3 1_3 fusion-one-third\" style=\"--awb-padding-top:2%;--awb-padding-right:2%;--awb-padding-bottom:2%;--awb-padding-left:2%;--awb-bg-size:cover;--awb-border-color:#f44336;--awb-border-top:1px;--awb-border-right:1px;--awb-border-bottom:1px;--awb-border-left:1px;--awb-border-style:solid;width:33.333333333333%;width:calc(33.333333333333% - ( ( 4% + 4% ) * 0.33333333333333 ) );margin-right: 4%;\"><div class=\"fusion-column-wrapper fusion-column-has-shadow fusion-flex-column-wrapper-legacy\"><div class=\"fusion-title title fusion-title-2 fusion-sep-none fusion-title-text fusion-title-size-two\" style=\"--awb-margin-top-small:0px;--awb-margin-right-small:0px;--awb-margin-bottom-small:20px;--awb-margin-left-small:0px;\"><h2 class=\"fusion-title-heading title-heading-left\" style=\"margin:0;\"><p style=\"text-align: center;\"><a href=\"http:\/\/www.benetke.com\">LADJA PIRAN &#8211; BENETKE &#8211; PIRAN<\/a><\/p><\/h2><\/div><div class=\"fusion-text fusion-text-2\"><p>Piran je z hitro katamaransko povezavo bli\u017eje do Benetk kot si predstavljate. Z zanesljivo, hitro ter udobno povezavo povezujemo Piran z Benetkami ve\u010d kot 10 let. Na spletni strani <a href=\"http:\/\/www.benetke.com\">Benetke.com<\/a> lahko preberete vse o izletu in s parimi kliki lahko tudi rezervirate svojo izku\u0161njo. <a href=\"http:\/\/www.benetke.com\">Izlet v Benetke<\/a> je vedno posebna izku\u0161nja, a plovba mimo trga Sv. Marka je pa vedno nekaj dih jemajo\u010dega.<\/p>\n<\/div><div class=\"fusion-image-element in-legacy-container\" style=\"--awb-caption-title-font-family:var(--h2_typography-font-family);--awb-caption-title-font-weight:var(--h2_typography-font-weight);--awb-caption-title-font-style:var(--h2_typography-font-style);--awb-caption-title-size:var(--h2_typography-font-size);--awb-caption-title-transform:var(--h2_typography-text-transform);--awb-caption-title-line-height:var(--h2_typography-line-height);--awb-caption-title-letter-spacing:var(--h2_typography-letter-spacing);\"><span class=\" fusion-imageframe imageframe-none imageframe-2 hover-type-none\"><a class=\"fusion-no-lightbox\" href=\"www.venice.si\" target=\"_self\" aria-label=\"SP FE\"><img decoding=\"async\" width=\"500\" height=\"300\" alt=\"San Pawl catamaran\" src=\"https:\/\/www.topline.si\/wp-content\/uploads\/2020\/05\/SP-FE.jpg\" class=\"img-responsive wp-image-220\" srcset=\"https:\/\/www.topline.si\/wp-content\/uploads\/2020\/05\/SP-FE-200x120.jpg 200w, https:\/\/www.topline.si\/wp-content\/uploads\/2020\/05\/SP-FE-400x240.jpg 400w, https:\/\/www.topline.si\/wp-content\/uploads\/2020\/05\/SP-FE.jpg 500w\" sizes=\"(max-width: 800px) 100vw, 400px\" \/><\/a><\/span><\/div><div class=\"fusion-clearfix\"><\/div><\/div><\/div><div class=\"fusion-layout-column fusion_builder_column fusion-builder-column-2 fusion_builder_column_1_3 1_3 fusion-one-third fusion-column-last\" style=\"--awb-padding-top:2%;--awb-padding-right:2%;--awb-padding-bottom:2%;--awb-padding-left:2%;--awb-bg-size:cover;--awb-border-color:#f44336;--awb-border-top:1px;--awb-border-right:1px;--awb-border-bottom:1px;--awb-border-left:1px;--awb-border-style:solid;width:33.333333333333%;width:calc(33.333333333333% - ( ( 4% + 4% ) * 0.33333333333333 ) );\"><div class=\"fusion-column-wrapper fusion-column-has-shadow fusion-flex-column-wrapper-legacy\"><div class=\"fusion-title title fusion-title-3 fusion-sep-none fusion-title-text fusion-title-size-two\" style=\"--awb-margin-top-small:0px;--awb-margin-right-small:0px;--awb-margin-bottom-small:20px;--awb-margin-left-small:0px;\"><h2 class=\"fusion-title-heading title-heading-left\" style=\"margin:0;\"><p style=\"text-align: center;\"><a href=\"https:\/\/www.topline.si\/storitve-v-benetkah\/?lang=sl\">KOPENSKE STORITVE V BENETKAH<\/a><\/p><\/h2><\/div><div class=\"fusion-text fusion-text-3\"><p>Se kot skupina odpravljate v Benetke in i\u0161\u010dete nekoga, ki vam bo pomagal pri organizaciji pri premagovanju logisti\u010dnih te\u017eav? Z na\u0161imi dolgoletnimi izku\u0161njami prepustite vse skrbi nam. Ladijski prevoz od parkiri\u0161\u010da do starega mestnega jedra, vo\u017enja z gondolo po skrivnih kanakih Benetk&#8230; ali kosilo po sprejemljivi ceni v sredi\u0161\u010du mesta; vse to in \u0161e ve\u010d Vam lahko organiziramo.<\/p>\n<\/div><div class=\"fusion-image-element in-legacy-container\" style=\"--awb-caption-title-font-family:var(--h2_typography-font-family);--awb-caption-title-font-weight:var(--h2_typography-font-weight);--awb-caption-title-font-style:var(--h2_typography-font-style);--awb-caption-title-size:var(--h2_typography-font-size);--awb-caption-title-transform:var(--h2_typography-text-transform);--awb-caption-title-line-height:var(--h2_typography-line-height);--awb-caption-title-letter-spacing:var(--h2_typography-letter-spacing);\"><span class=\" fusion-imageframe imageframe-none imageframe-3 hover-type-none\"><a class=\"fusion-no-lightbox\" href=\"https:\/\/www.topline.si\/storitve-v-benetkah\/?lang=sl\" target=\"_self\" aria-label=\"2005-05-11-01-06-44\"><img decoding=\"async\" width=\"500\" height=\"300\" alt=\"Ground services Venice\" src=\"https:\/\/www.topline.si\/wp-content\/uploads\/2020\/05\/2005-05-11-01-06-44.jpg\" class=\"img-responsive wp-image-433\" srcset=\"https:\/\/www.topline.si\/wp-content\/uploads\/2020\/05\/2005-05-11-01-06-44-200x120.jpg 200w, https:\/\/www.topline.si\/wp-content\/uploads\/2020\/05\/2005-05-11-01-06-44-400x240.jpg 400w, https:\/\/www.topline.si\/wp-content\/uploads\/2020\/05\/2005-05-11-01-06-44.jpg 500w\" sizes=\"(max-width: 800px) 100vw, 400px\" \/><\/a><\/span><\/div><div class=\"fusion-clearfix\"><\/div><\/div><\/div><div class=\"fusion-layout-column fusion_builder_column fusion-builder-column-3 fusion_builder_column_1_3 1_3 fusion-one-third fusion-column-first\" style=\"--awb-padding-top:2%;--awb-padding-right:2%;--awb-padding-bottom:2%;--awb-padding-left:2%;--awb-bg-size:cover;--awb-border-color:#f44336;--awb-border-top:1px;--awb-border-right:1px;--awb-border-bottom:1px;--awb-border-left:1px;--awb-border-style:solid;width:33.333333333333%;width:calc(33.333333333333% - ( ( 4% + 4% ) * 0.33333333333333 ) );margin-right: 4%;\"><div class=\"fusion-column-wrapper fusion-column-has-shadow fusion-flex-column-wrapper-legacy\"><div class=\"fusion-title title fusion-title-4 fusion-sep-none fusion-title-text fusion-title-size-two\" style=\"--awb-margin-top-small:0px;--awb-margin-right-small:0px;--awb-margin-bottom-small:20px;--awb-margin-left-small:0px;\"><h2 class=\"fusion-title-heading title-heading-left\" style=\"margin:0;\"><p style=\"text-align: center;\">TURISTI\u010cNA AGENCIJA<\/p><\/h2><\/div><div class=\"fusion-text fusion-text-4\"><p>Organizirate dogodek v Sloveniji in potrebujete logisti\u010dno in namestitveno podporo? Z ve\u010d kot 30-letnimi izku\u0161njami Vam pomagamo organizirati Va\u0161 dogodek od najmanj\u0161ih skupin pa vse do +300 oseb. Vi poznate zahteve Va\u0161e skupin, mi poznamo Slovenijo kot destinacijo. Z veseljem zdru\u017eimo sile in skupaj sestavimo nekaj popolnoma nepozabnega.<\/p>\n<\/div><div class=\"fusion-image-element in-legacy-container\" style=\"--awb-caption-title-font-family:var(--h2_typography-font-family);--awb-caption-title-font-weight:var(--h2_typography-font-weight);--awb-caption-title-font-style:var(--h2_typography-font-style);--awb-caption-title-size:var(--h2_typography-font-size);--awb-caption-title-transform:var(--h2_typography-text-transform);--awb-caption-title-line-height:var(--h2_typography-line-height);--awb-caption-title-letter-spacing:var(--h2_typography-letter-spacing);\"><span class=\" fusion-imageframe imageframe-none imageframe-4 hover-type-none\"><a class=\"fusion-no-lightbox\" href=\"https:\/\/www.topline.si\/travel-agency\/\" target=\"_self\" aria-label=\"POV FE\"><img decoding=\"async\" width=\"500\" height=\"300\" alt=\"Interior Prince of Venice\" src=\"https:\/\/www.topline.si\/wp-content\/uploads\/2020\/05\/POV-FE.jpg\" class=\"img-responsive wp-image-245\" srcset=\"https:\/\/www.topline.si\/wp-content\/uploads\/2020\/05\/POV-FE-200x120.jpg 200w, https:\/\/www.topline.si\/wp-content\/uploads\/2020\/05\/POV-FE-400x240.jpg 400w, https:\/\/www.topline.si\/wp-content\/uploads\/2020\/05\/POV-FE.jpg 500w\" sizes=\"(max-width: 800px) 100vw, 400px\" \/><\/a><\/span><\/div><div class=\"fusion-clearfix\"><\/div><\/div><\/div><div class=\"fusion-layout-column fusion_builder_column fusion-builder-column-4 fusion_builder_column_1_3 1_3 fusion-one-third\" style=\"--awb-padding-top:2%;--awb-padding-right:2%;--awb-padding-bottom:2%;--awb-padding-left:2%;--awb-bg-size:cover;--awb-border-color:#f44336;--awb-border-top:1px;--awb-border-right:1px;--awb-border-bottom:1px;--awb-border-left:1px;--awb-border-style:solid;width:33.333333333333%;width:calc(33.333333333333% - ( ( 4% + 4% ) * 0.33333333333333 ) );margin-right: 4%;\"><div class=\"fusion-column-wrapper fusion-column-has-shadow fusion-flex-column-wrapper-legacy\"><div class=\"fusion-title title fusion-title-5 fusion-sep-none fusion-title-text fusion-title-size-two\" style=\"--awb-margin-top-small:0px;--awb-margin-right-small:0px;--awb-margin-bottom-small:20px;--awb-margin-left-small:0px;\"><h2 class=\"fusion-title-heading title-heading-left\" style=\"margin:0;\"><p style=\"text-align: center;\">VODNI\u0160KI SERVIS<\/p><\/h2><\/div><div class=\"fusion-text fusion-text-5\"><p>\u010ce lahko ena slika nadomesti tiso\u010d besed&#8230; \u010de bi zidovi lahko govorili&#8230; mi zidov nismo nau\u010dili govoriti, vemo pa kaj bi povedali, \u010de bi lahko. Na\u0161i izku\u0161eni vodniki dobro poznajo svoje rodne kraje. Piran morda izgleda kot \u0161e eno mesto ob Jadranskem morju, ampak ko izve\u0161 njegove skrivnosti&#8230; no, prepustite nam in presenetili Vas bomo.<\/p>\n<\/div><div class=\"fusion-image-element in-legacy-container\" style=\"--awb-caption-title-font-family:var(--h2_typography-font-family);--awb-caption-title-font-weight:var(--h2_typography-font-weight);--awb-caption-title-font-style:var(--h2_typography-font-style);--awb-caption-title-size:var(--h2_typography-font-size);--awb-caption-title-transform:var(--h2_typography-text-transform);--awb-caption-title-line-height:var(--h2_typography-line-height);--awb-caption-title-letter-spacing:var(--h2_typography-letter-spacing);\"><span class=\" fusion-imageframe imageframe-none imageframe-5 hover-type-none\"><img decoding=\"async\" width=\"500\" height=\"300\" alt=\"Guide service\" title=\"GUIDES FE\" src=\"https:\/\/www.topline.si\/wp-content\/uploads\/2020\/05\/GUIDES-FE.jpg\" class=\"img-responsive wp-image-231\" srcset=\"https:\/\/www.topline.si\/wp-content\/uploads\/2020\/05\/GUIDES-FE-200x120.jpg 200w, https:\/\/www.topline.si\/wp-content\/uploads\/2020\/05\/GUIDES-FE-400x240.jpg 400w, https:\/\/www.topline.si\/wp-content\/uploads\/2020\/05\/GUIDES-FE.jpg 500w\" sizes=\"(max-width: 800px) 100vw, 400px\" \/><\/span><\/div><div class=\"fusion-clearfix\"><\/div><\/div><\/div><div class=\"fusion-layout-column fusion_builder_column fusion-builder-column-5 fusion_builder_column_1_3 1_3 fusion-one-third fusion-column-last\" style=\"--awb-padding-top:2%;--awb-padding-right:2%;--awb-padding-bottom:2%;--awb-padding-left:2%;--awb-bg-size:cover;--awb-border-color:#f44336;--awb-border-top:1px;--awb-border-right:1px;--awb-border-bottom:1px;--awb-border-left:1px;--awb-border-style:solid;width:33.333333333333%;width:calc(33.333333333333% - ( ( 4% + 4% ) * 0.33333333333333 ) );\"><div class=\"fusion-column-wrapper fusion-column-has-shadow fusion-flex-column-wrapper-legacy\"><div class=\"fusion-title title fusion-title-6 fusion-sep-none fusion-title-text fusion-title-size-two\" style=\"--awb-margin-top-small:0px;--awb-margin-right-small:0px;--awb-margin-bottom-small:20px;--awb-margin-left-small:0px;\"><h2 class=\"fusion-title-heading title-heading-left\" style=\"margin:0;\"><p style=\"text-align: center;\"><a href=\"http:\/\/www.apartment-piran.com\">APARTMAJI V PIRANU<\/a><\/p><\/h2><\/div><div class=\"fusion-text fusion-text-6\"><p>Se odpravljate v Piran in si \u017eelite prespati v starem mestnem jedru? Pri\u0161li ste na pravo mesto; Za vas imamo 7 udobnih apartmajev v sredi\u0161\u010du mesta in pri nas ste vedno dobrodo\u0161li. Od zunaj na\u0161e stavbe morda zgledajo kot vse ostale; a zidovi skrivajo obnovljene in dobro vzdr\u017eevane apartmaje z visoko kakovostjo bivanja. Rezervirajte svoje bivanje pri nas!<\/p>\n<\/div><div class=\"fusion-image-element in-legacy-container\" style=\"--awb-caption-title-font-family:var(--h2_typography-font-family);--awb-caption-title-font-weight:var(--h2_typography-font-weight);--awb-caption-title-font-style:var(--h2_typography-font-style);--awb-caption-title-size:var(--h2_typography-font-size);--awb-caption-title-transform:var(--h2_typography-text-transform);--awb-caption-title-line-height:var(--h2_typography-line-height);--awb-caption-title-letter-spacing:var(--h2_typography-letter-spacing);\"><span class=\" fusion-imageframe imageframe-none imageframe-6 hover-type-none\"><a class=\"fusion-no-lightbox\" href=\"https:\/\/apartment-piran.com\/en\/\" target=\"_self\" aria-label=\"APP FE\"><img decoding=\"async\" width=\"500\" height=\"300\" alt=\"TOP Line apartments\" src=\"https:\/\/www.topline.si\/wp-content\/uploads\/2020\/05\/APP-FE.jpg\" class=\"img-responsive wp-image-236\" srcset=\"https:\/\/www.topline.si\/wp-content\/uploads\/2020\/05\/APP-FE-200x120.jpg 200w, https:\/\/www.topline.si\/wp-content\/uploads\/2020\/05\/APP-FE-400x240.jpg 400w, https:\/\/www.topline.si\/wp-content\/uploads\/2020\/05\/APP-FE.jpg 500w\" sizes=\"(max-width: 800px) 100vw, 400px\" \/><\/a><\/span><\/div><div class=\"fusion-clearfix\"><\/div><\/div><\/div><\/div><\/div>\n","protected":false},"excerpt":{"rendered":"","protected":false},"author":2,"featured_media":0,"parent":0,"menu_order":0,"comment_status":"closed","ping_status":"open","template":"100-width.php","meta":{"footnotes":""},"class_list":["post-714","page","type-page","status-publish","hentry"],"yoast_head":"<!-- This site is optimized with the Yoast SEO plugin v27.2 - https:\/\/yoast.com\/product\/yoast-seo-wordpress\/ -->\n<title>Prva stran - TOP LINE d.o.o. Portoro\u017e<\/title>\n<meta name=\"robots\" content=\"index, follow, max-snippet:-1, max-image-preview:large, max-video-preview:-1\" \/>\n<link rel=\"canonical\" href=\"https:\/\/www.topline.si\/sl\/\" \/>\n<meta property=\"og:locale\" content=\"sl_SI\" \/>\n<meta property=\"og:type\" content=\"article\" \/>\n<meta property=\"og:title\" content=\"Prva stran - TOP LINE d.o.o. Portoro\u017e\" \/>\n<meta property=\"og:url\" content=\"https:\/\/www.topline.si\/sl\/\" \/>\n<meta property=\"og:site_name\" content=\"TOP LINE d.o.o. Portoro\u017e\" \/>\n<meta property=\"article:modified_time\" content=\"2021-05-17T05:54:04+00:00\" \/>\n<meta name=\"twitter:card\" content=\"summary_large_image\" \/>\n<meta name=\"twitter:label1\" content=\"Est. reading time\" \/>\n\t<meta name=\"twitter:data1\" content=\"16 minut\" \/>\n<script type=\"application\/ld+json\" class=\"yoast-schema-graph\">{\"@context\":\"https:\/\/schema.org\",\"@graph\":[{\"@type\":\"WebPage\",\"@id\":\"https:\/\/www.topline.si\/sl\/\",\"url\":\"https:\/\/www.topline.si\/sl\/\",\"name\":\"Prva stran - TOP LINE d.o.o. Portoro\u017e\",\"isPartOf\":{\"@id\":\"https:\/\/www.topline.si\/#website\"},\"datePublished\":\"2020-06-13T17:11:15+00:00\",\"dateModified\":\"2021-05-17T05:54:04+00:00\",\"breadcrumb\":{\"@id\":\"https:\/\/www.topline.si\/sl\/#breadcrumb\"},\"inLanguage\":\"sl-SI\",\"potentialAction\":[{\"@type\":\"ReadAction\",\"target\":[\"https:\/\/www.topline.si\/sl\/\"]}]},{\"@type\":\"BreadcrumbList\",\"@id\":\"https:\/\/www.topline.si\/sl\/#breadcrumb\",\"itemListElement\":[{\"@type\":\"ListItem\",\"position\":1,\"name\":\"Home\",\"item\":\"https:\/\/www.topline.si\/sl\/\"},{\"@type\":\"ListItem\",\"position\":2,\"name\":\"Prva stran\"}]},{\"@type\":\"WebSite\",\"@id\":\"https:\/\/www.topline.si\/#website\",\"url\":\"https:\/\/www.topline.si\/\",\"name\":\"TOP LINE d.o.o. Portoro\u017e\",\"description\":\"\",\"potentialAction\":[{\"@type\":\"SearchAction\",\"target\":{\"@type\":\"EntryPoint\",\"urlTemplate\":\"https:\/\/www.topline.si\/?s={search_term_string}\"},\"query-input\":{\"@type\":\"PropertyValueSpecification\",\"valueRequired\":true,\"valueName\":\"search_term_string\"}}],\"inLanguage\":\"sl-SI\"}]}<\/script>\n<!-- \/ Yoast SEO plugin. -->","yoast_head_json":{"title":"Prva stran - TOP LINE d.o.o. Portoro\u017e","robots":{"index":"index","follow":"follow","max-snippet":"max-snippet:-1","max-image-preview":"max-image-preview:large","max-video-preview":"max-video-preview:-1"},"canonical":"https:\/\/www.topline.si\/sl\/","og_locale":"sl_SI","og_type":"article","og_title":"Prva stran - TOP LINE d.o.o. Portoro\u017e","og_url":"https:\/\/www.topline.si\/sl\/","og_site_name":"TOP LINE d.o.o. Portoro\u017e","article_modified_time":"2021-05-17T05:54:04+00:00","twitter_card":"summary_large_image","twitter_misc":{"Est. reading time":"16 minut"},"schema":{"@context":"https:\/\/schema.org","@graph":[{"@type":"WebPage","@id":"https:\/\/www.topline.si\/sl\/","url":"https:\/\/www.topline.si\/sl\/","name":"Prva stran - TOP LINE d.o.o. Portoro\u017e","isPartOf":{"@id":"https:\/\/www.topline.si\/#website"},"datePublished":"2020-06-13T17:11:15+00:00","dateModified":"2021-05-17T05:54:04+00:00","breadcrumb":{"@id":"https:\/\/www.topline.si\/sl\/#breadcrumb"},"inLanguage":"sl-SI","potentialAction":[{"@type":"ReadAction","target":["https:\/\/www.topline.si\/sl\/"]}]},{"@type":"BreadcrumbList","@id":"https:\/\/www.topline.si\/sl\/#breadcrumb","itemListElement":[{"@type":"ListItem","position":1,"name":"Home","item":"https:\/\/www.topline.si\/sl\/"},{"@type":"ListItem","position":2,"name":"Prva stran"}]},{"@type":"WebSite","@id":"https:\/\/www.topline.si\/#website","url":"https:\/\/www.topline.si\/","name":"TOP LINE d.o.o. Portoro\u017e","description":"","potentialAction":[{"@type":"SearchAction","target":{"@type":"EntryPoint","urlTemplate":"https:\/\/www.topline.si\/?s={search_term_string}"},"query-input":{"@type":"PropertyValueSpecification","valueRequired":true,"valueName":"search_term_string"}}],"inLanguage":"sl-SI"}]}},"_links":{"self":[{"href":"https:\/\/www.topline.si\/sl\/wp-json\/wp\/v2\/pages\/714","targetHints":{"allow":["GET"]}}],"collection":[{"href":"https:\/\/www.topline.si\/sl\/wp-json\/wp\/v2\/pages"}],"about":[{"href":"https:\/\/www.topline.si\/sl\/wp-json\/wp\/v2\/types\/page"}],"author":[{"embeddable":true,"href":"https:\/\/www.topline.si\/sl\/wp-json\/wp\/v2\/users\/2"}],"replies":[{"embeddable":true,"href":"https:\/\/www.topline.si\/sl\/wp-json\/wp\/v2\/comments?post=714"}],"version-history":[{"count":25,"href":"https:\/\/www.topline.si\/sl\/wp-json\/wp\/v2\/pages\/714\/revisions"}],"predecessor-version":[{"id":1496,"href":"https:\/\/www.topline.si\/sl\/wp-json\/wp\/v2\/pages\/714\/revisions\/1496"}],"wp:attachment":[{"href":"https:\/\/www.topline.si\/sl\/wp-json\/wp\/v2\/media?parent=714"}],"curies":[{"name":"wp","href":"https:\/\/api.w.org\/{rel}","templated":true}]}}